{"id":23,"date":"2022-11-07T10:42:53","date_gmt":"2022-11-07T14:42:53","guid":{"rendered":"https:\/\/toyhouse.zpublicidade.com\/?post_type=product&#038;p=23"},"modified":"2022-11-07T10:47:39","modified_gmt":"2022-11-07T14:47:39","slug":"falcon-ruivo","status":"publish","type":"product","link":"https:\/\/toyhouse.zpublicidade.com\/index.php\/produto\/falcon-ruivo\/","title":{"rendered":"Falcon ruivo"},"content":{"rendered":"<p>Nessa nova aventura, Falcon est\u00e1 com a vida por um fio! O her\u00f3i de verdade entra em contato direto com a eletricidade em alta tens\u00e3o. E para tornar a experi\u00eancia ainda mais realista, ele vem com equipamentos especiais para proteg\u00ea-lo contra descargas e choques el\u00e9tricos. O Falcon ser\u00e1 ruivo e com barba, olhos de \u00e1guia e m\u00e3os que agarram de verdade.<\/p>\n","protected":false},"excerpt":{"rendered":"<p>Nessa nova aventura, Falcon est\u00e1 com a vida por um fio! O her\u00f3i de verdade entra em contato direto com a eletricidade em alta tens\u00e3o. E para tornar a experi\u00eancia ainda mais realista, ele vem com equipamentos especiais para proteg\u00ea-lo contra descargas e choques el\u00e9tricos. O Falcon ser\u00e1 ruivo e com barba, olhos de \u00e1guia [&hellip;]<\/p>\n","protected":false},"featured_media":24,"comment_status":"open","ping_status":"closed","template":"","meta":[],"product_cat":[15,18],"product_tag":[],"_links":{"self":[{"href":"https:\/\/toyhouse.zpublicidade.com\/index.php\/wp-json\/wp\/v2\/product\/23"}],"collection":[{"href":"https:\/\/toyhouse.zpublicidade.com\/index.php\/wp-json\/wp\/v2\/product"}],"about":[{"href":"https:\/\/toyhouse.zpublicidade.com\/index.php\/wp-json\/wp\/v2\/types\/product"}],"replies":[{"embeddable":true,"href":"https:\/\/toyhouse.zpublicidade.com\/index.php\/wp-json\/wp\/v2\/comments?post=23"}],"wp:featuredmedia":[{"embeddable":true,"href":"https:\/\/toyhouse.zpublicidade.com\/index.php\/wp-json\/wp\/v2\/media\/24"}],"wp:attachment":[{"href":"https:\/\/toyhouse.zpublicidade.com\/index.php\/wp-json\/wp\/v2\/media?parent=23"}],"wp:term":[{"taxonomy":"product_cat","embeddable":true,"href":"https:\/\/toyhouse.zpublicidade.com\/index.php\/wp-json\/wp\/v2\/product_cat?post=23"},{"taxonomy":"product_tag","embeddable":true,"href":"https:\/\/toyhouse.zpublicidade.com\/index.php\/wp-json\/wp\/v2\/product_tag?post=23"}],"curies":[{"name":"wp","href":"https:\/\/api.w.org\/{rel}","templated":true}]}}